{"id":764,"date":"2020-02-05T22:19:45","date_gmt":"2020-02-05T22:19:45","guid":{"rendered":"http:\/\/osanatural.com\/about\/"},"modified":"2025-05-29T15:44:21","modified_gmt":"2025-05-29T15:44:21","slug":"about","status":"publish","type":"page","link":"https:\/\/osanatural.com\/es\/about\/","title":{"rendered":"Nosotros"},"content":{"rendered":"<div data-elementor-type=\"wp-page\" data-elementor-id=\"764\" class=\"elementor elementor-764\" data-elementor-post-type=\"page\">\n\t\t\t\t\t\t<section class=\"elementor-section elementor-top-section elementor-element elementor-element-fb0497d elementor-section-height-min-height elementor-section-boxed elementor-section-height-default elementor-section-items-middle\" data-id=\"fb0497d\" data-element_type=\"section\" data-settings=\"{&quot;background_background&quot;:&quot;classic&quot;}\">\n\t\t\t\t\t\t\t<div class=\"elementor-background-overlay\"><\/div>\n\t\t\t\t\t\t\t<div class=\"elementor-container elementor-column-gap-no\">\n\t\t\t\t\t<div class=\"elementor-column elementor-col-100 elementor-top-column elementor-element elementor-element-325f11c\" data-id=\"325f11c\" data-element_type=\"column\">\n\t\t\t<div class=\"elementor-widget-wrap elementor-element-populated\">\n\t\t\t\t\t\t<div class=\"elementor-element elementor-element-25b39bd elementor-widget elementor-widget-heading\" data-id=\"25b39bd\" data-element_type=\"widget\" data-widget_type=\"heading.default\">\n\t\t\t\t<div class=\"elementor-widget-container\">\n\t\t\t\t\t<h1 class=\"elementor-heading-title elementor-size-default\">Nosotros<\/h1>\t\t\t\t<\/div>\n\t\t\t\t<\/div>\n\t\t\t\t\t<\/div>\n\t\t<\/div>\n\t\t\t\t\t<\/div>\n\t\t<\/section>\n\t\t\t\t<section class=\"elementor-section elementor-top-section elementor-element elementor-element-6233d5b elementor-section-boxed elementor-section-height-default elementor-section-height-default\" data-id=\"6233d5b\" data-element_type=\"section\" data-settings=\"{&quot;background_background&quot;:&quot;classic&quot;}\">\n\t\t\t\t\t\t\t<div class=\"elementor-background-overlay\"><\/div>\n\t\t\t\t\t\t\t<div class=\"elementor-container elementor-column-gap-no\">\n\t\t\t\t\t<div class=\"elementor-column elementor-col-50 elementor-top-column elementor-element elementor-element-4d7ad86\" data-id=\"4d7ad86\" data-element_type=\"column\">\n\t\t\t<div class=\"elementor-widget-wrap elementor-element-populated\">\n\t\t\t\t\t\t<div class=\"elementor-element elementor-element-24b4e03 elementor-widget elementor-widget-heading\" data-id=\"24b4e03\" data-element_type=\"widget\" data-widget_type=\"heading.default\">\n\t\t\t\t<div class=\"elementor-widget-container\">\n\t\t\t\t\t<h3 class=\"elementor-heading-title elementor-size-default\">Productos Naturales para Ba\u00f1o y Cuerpo<\/h3>\t\t\t\t<\/div>\n\t\t\t\t<\/div>\n\t\t\t\t<div class=\"elementor-element elementor-element-91de7cd elementor-widget elementor-widget-heading\" data-id=\"91de7cd\" data-element_type=\"widget\" data-widget_type=\"heading.default\">\n\t\t\t\t<div class=\"elementor-widget-container\">\n\t\t\t\t\t<h4 class=\"elementor-heading-title elementor-size-default\">Acerca de Osa Natural<\/h4>\t\t\t\t<\/div>\n\t\t\t\t<\/div>\n\t\t\t\t<div class=\"elementor-element elementor-element-0e457ca elementor-widget elementor-widget-text-editor\" data-id=\"0e457ca\" data-element_type=\"widget\" data-widget_type=\"text-editor.default\">\n\t\t\t\t<div class=\"elementor-widget-container\">\n\t\t\t\t\t\t\t\t\t<p>Desde 2007, Osa Natural elabora a mano los mejores productos de ba\u00f1o y cuerpo 100% naturales, utilizando aceite de coco org\u00e1nico de origen local y otros ingredientes naturales. Nuestros productos est\u00e1n dise\u00f1ados para personas y peque\u00f1as empresas interesadas en promover un estilo de vida m\u00e1s org\u00e1nico, la salud personal y un medio ambiente m\u00e1s limpio.<\/p><p><span style=\"font-style: inherit; font-weight: inherit;\">Actualmente, los productos org\u00e1nicos para ba\u00f1o y cuerpo de Osa Natural se encuentran en muchos de los hoteles y alojamientos ecol\u00f3gicos m\u00e1s destacados de la pen\u00ednsula de Osa, como Bosque del Cabo, Lapa Rios, Luna Lodge e Iguana Lodge. Las tiendas de regalos y peque\u00f1as boutiques tambi\u00e9n han tenido \u00e9xito en la venta de cosm\u00e9ticos de Osa Natural. Nuestros jabones, cremas hidratantes, bloqueadores solares, exfoliantes, sprays corporales y repelentes de insectos org\u00e1nicos son apreciados tanto por turistas como por lugare\u00f1os.&nbsp;<\/span><\/p><p><span style=\"font-style: inherit; font-weight: inherit;\">Osa Natural es un negocio familiar que comenz\u00f3 en la habitaci\u00f3n adicional de una peque\u00f1a casa en Costa Rica en 2007. La fundadora y qu\u00edmica jefa de Osa Natural, Alison Lott, se gradu\u00f3 con honores de la Universidad de Virginia en 2005 con una doble licenciatura en espa\u00f1ol y qu\u00edmica. El destino quiso que Alison decidiera renunciar a su sue\u00f1o de toda la vida de convertirse en m\u00e9dica y buscar un emprendimiento m\u00e1s natural en Costa Rica.&nbsp;<\/span><\/p><p><span style=\"font-style: inherit; font-weight: inherit;\">Con la ayuda de su socio y marido Josiah Lott, la pareja abri\u00f3 oficialmente las puertas de Osa Natural en 2010, y desde entonces ambos han estado elaborando los mejores productos para ba\u00f1o y cuerpo 100% naturales y hechos de forma sostenible en Costa Rica.<\/span><\/p><p><span style=\"font-style: inherit; font-weight: inherit;\">Si es propietario de un hotel, minorista o simplemente est\u00e1 interesado en Productos Naturales para Ba\u00f1o y Cuerpo que sean buenos para usted, sus clientes y el planeta, p\u00f3ngase en contacto con nosotros por tel\u00e9fono o correo electr\u00f3nico y haga su pedido hoy mismo.<\/span><\/p><p><span style=\"font-style: inherit; font-weight: inherit;\">\u00a1Gracias por su apoyo y siga comprando de manera responsable!<\/span><\/p>\t\t\t\t\t\t\t\t<\/div>\n\t\t\t\t<\/div>\n\t\t\t\t\t<\/div>\n\t\t<\/div>\n\t\t\t\t<div class=\"elementor-column elementor-col-50 elementor-top-column elementor-element elementor-element-03a6bc5\" data-id=\"03a6bc5\" data-element_type=\"column\">\n\t\t\t<div class=\"elementor-widget-wrap elementor-element-populated\">\n\t\t\t\t\t\t<div class=\"elementor-element elementor-element-02ae585 elementor-widget elementor-widget-image\" data-id=\"02ae585\" data-element_type=\"widget\" data-widget_type=\"image.default\">\n\t\t\t\t<div class=\"elementor-widget-container\">\n\t\t\t\t\t\t\t\t\t\t\t\t\t\t\t<img fetchpriority=\"high\" decoding=\"async\" width=\"1200\" height=\"1600\" src=\"https:\/\/osanatural.com\/wp-content\/uploads\/2025\/05\/Producos-Osa-Natural-mercado.jpg\" class=\"attachment-full size-full wp-image-1375\" alt=\"\" srcset=\"https:\/\/osanatural.com\/wp-content\/uploads\/2025\/05\/Producos-Osa-Natural-mercado.jpg 1200w, https:\/\/osanatural.com\/wp-content\/uploads\/2025\/05\/Producos-Osa-Natural-mercado-225x300.jpg 225w, https:\/\/osanatural.com\/wp-content\/uploads\/2025\/05\/Producos-Osa-Natural-mercado-768x1024.jpg 768w, https:\/\/osanatural.com\/wp-content\/uploads\/2025\/05\/Producos-Osa-Natural-mercado-1152x1536.jpg 1152w, https:\/\/osanatural.com\/wp-content\/uploads\/2025\/05\/Producos-Osa-Natural-mercado-600x800.jpg 600w\" sizes=\"(max-width: 1200px) 100vw, 1200px\" \/>\t\t\t\t\t\t\t\t\t\t\t\t\t\t\t<\/div>\n\t\t\t\t<\/div>\n\t\t\t\t<div class=\"elementor-element elementor-element-c1e6d9c elementor-widget elementor-widget-image\" data-id=\"c1e6d9c\" data-element_type=\"widget\" data-widget_type=\"image.default\">\n\t\t\t\t<div class=\"elementor-widget-container\">\n\t\t\t\t\t\t\t\t\t\t\t\t\t\t\t<img decoding=\"async\" width=\"1024\" height=\"685\" src=\"https:\/\/osanatural.com\/wp-content\/uploads\/2021\/11\/DSC_0776-1024x685.jpg\" class=\"attachment-large size-large wp-image-1853\" alt=\"\" srcset=\"https:\/\/osanatural.com\/wp-content\/uploads\/2021\/11\/DSC_0776-1024x685.jpg 1024w, https:\/\/osanatural.com\/wp-content\/uploads\/2021\/11\/DSC_0776-300x201.jpg 300w, https:\/\/osanatural.com\/wp-content\/uploads\/2021\/11\/DSC_0776-768x514.jpg 768w, https:\/\/osanatural.com\/wp-content\/uploads\/2021\/11\/DSC_0776-1536x1028.jpg 1536w, https:\/\/osanatural.com\/wp-content\/uploads\/2021\/11\/DSC_0776-2048x1371.jpg 2048w, https:\/\/osanatural.com\/wp-content\/uploads\/2021\/11\/DSC_0776-600x402.jpg 600w\" sizes=\"(max-width: 1024px) 100vw, 1024px\" \/>\t\t\t\t\t\t\t\t\t\t\t\t\t\t\t<\/div>\n\t\t\t\t<\/div>\n\t\t\t\t<div class=\"elementor-element elementor-element-dbc4f0c elementor-widget elementor-widget-image\" data-id=\"dbc4f0c\" data-element_type=\"widget\" data-widget_type=\"image.default\">\n\t\t\t\t<div class=\"elementor-widget-container\">\n\t\t\t\t\t\t\t\t\t\t\t\t\t\t\t<img decoding=\"async\" width=\"2560\" height=\"1920\" src=\"https:\/\/osanatural.com\/wp-content\/uploads\/2025\/05\/champu-crema-acondicionador-mango-scaled.jpg\" class=\"attachment-full size-full wp-image-1360\" alt=\"\" srcset=\"https:\/\/osanatural.com\/wp-content\/uploads\/2025\/05\/champu-crema-acondicionador-mango-scaled.jpg 2560w, https:\/\/osanatural.com\/wp-content\/uploads\/2025\/05\/champu-crema-acondicionador-mango-300x225.jpg 300w, https:\/\/osanatural.com\/wp-content\/uploads\/2025\/05\/champu-crema-acondicionador-mango-1024x768.jpg 1024w, https:\/\/osanatural.com\/wp-content\/uploads\/2025\/05\/champu-crema-acondicionador-mango-768x576.jpg 768w, https:\/\/osanatural.com\/wp-content\/uploads\/2025\/05\/champu-crema-acondicionador-mango-1536x1152.jpg 1536w, https:\/\/osanatural.com\/wp-content\/uploads\/2025\/05\/champu-crema-acondicionador-mango-2048x1536.jpg 2048w, https:\/\/osanatural.com\/wp-content\/uploads\/2025\/05\/champu-crema-acondicionador-mango-600x450.jpg 600w\" sizes=\"(max-width: 2560px) 100vw, 2560px\" \/>\t\t\t\t\t\t\t\t\t\t\t\t\t\t\t<\/div>\n\t\t\t\t<\/div>\n\t\t\t\t\t<\/div>\n\t\t<\/div>\n\t\t\t\t\t<\/div>\n\t\t<\/section>\n\t\t\t\t<section class=\"elementor-section elementor-top-section elementor-element elementor-element-76021eb elementor-section-full_width elementor-section-height-default elementor-section-height-default\" data-id=\"76021eb\" data-element_type=\"section\" data-settings=\"{&quot;background_background&quot;:&quot;classic&quot;}\">\n\t\t\t\t\t\t<div class=\"elementor-container elementor-column-gap-no\">\n\t\t\t\t\t<div class=\"elementor-column elementor-col-100 elementor-top-column elementor-element elementor-element-86ee2c3\" data-id=\"86ee2c3\" data-element_type=\"column\">\n\t\t\t<div class=\"elementor-widget-wrap elementor-element-populated\">\n\t\t\t\t\t\t<div class=\"elementor-element elementor-element-69a0f67 elementor-widget elementor-widget-image\" data-id=\"69a0f67\" data-element_type=\"widget\" data-widget_type=\"image.default\">\n\t\t\t\t<div class=\"elementor-widget-container\">\n\t\t\t\t\t\t\t\t\t\t\t\t\t\t\t<img loading=\"lazy\" decoding=\"async\" width=\"1024\" height=\"615\" src=\"https:\/\/osanatural.com\/wp-content\/uploads\/2021\/11\/bg-about-osa-natural-family-1024x615.jpg\" class=\"attachment-large size-large wp-image-798\" alt=\"\" srcset=\"https:\/\/osanatural.com\/wp-content\/uploads\/2021\/11\/bg-about-osa-natural-family-1024x615.jpg 1024w, https:\/\/osanatural.com\/wp-content\/uploads\/2021\/11\/bg-about-osa-natural-family-300x180.jpg 300w, https:\/\/osanatural.com\/wp-content\/uploads\/2021\/11\/bg-about-osa-natural-family-768x461.jpg 768w, https:\/\/osanatural.com\/wp-content\/uploads\/2021\/11\/bg-about-osa-natural-family-600x361.jpg 600w, https:\/\/osanatural.com\/wp-content\/uploads\/2021\/11\/bg-about-osa-natural-family.jpg 1140w\" sizes=\"(max-width: 1024px) 100vw, 1024px\" \/>\t\t\t\t\t\t\t\t\t\t\t\t\t\t\t<\/div>\n\t\t\t\t<\/div>\n\t\t\t\t\t<\/div>\n\t\t<\/div>\n\t\t\t\t\t<\/div>\n\t\t<\/section>\n\t\t\t\t<section class=\"elementor-section elementor-top-section elementor-element elementor-element-26a25bc elementor-section-boxed elementor-section-height-default elementor-section-height-default\" data-id=\"26a25bc\" data-element_type=\"section\" data-settings=\"{&quot;background_background&quot;:&quot;classic&quot;}\">\n\t\t\t\t\t\t<div class=\"elementor-container elementor-column-gap-no\">\n\t\t\t\t\t<div class=\"elementor-column elementor-col-100 elementor-top-column elementor-element elementor-element-5c35a23\" data-id=\"5c35a23\" data-element_type=\"column\">\n\t\t\t<div class=\"elementor-widget-wrap elementor-element-populated\">\n\t\t\t\t\t\t<div class=\"elementor-element elementor-element-2a3694a elementor-widget elementor-widget-image-carousel\" data-id=\"2a3694a\" data-element_type=\"widget\" data-settings=\"{&quot;slides_to_show&quot;:&quot;5&quot;,&quot;navigation&quot;:&quot;none&quot;,&quot;slides_to_show_tablet&quot;:&quot;3&quot;,&quot;slides_to_scroll_tablet&quot;:&quot;1&quot;,&quot;slides_to_show_mobile&quot;:&quot;1&quot;,&quot;autoplay&quot;:&quot;yes&quot;,&quot;pause_on_hover&quot;:&quot;yes&quot;,&quot;pause_on_interaction&quot;:&quot;yes&quot;,&quot;autoplay_speed&quot;:5000,&quot;infinite&quot;:&quot;yes&quot;,&quot;speed&quot;:500}\" data-widget_type=\"image-carousel.default\">\n\t\t\t\t<div class=\"elementor-widget-container\">\n\t\t\t\t\t\t\t<div class=\"elementor-image-carousel-wrapper swiper\" role=\"region\" aria-roledescription=\"carousel\" aria-label=\"Carrusel de im\u00e1genes\" dir=\"ltr\">\n\t\t\t<div class=\"elementor-image-carousel swiper-wrapper\" aria-live=\"off\">\n\t\t\t\t\t\t\t\t<div class=\"swiper-slide\" role=\"group\" aria-roledescription=\"slide\" aria-label=\"1 de 5\"><figure class=\"swiper-slide-inner\"><img decoding=\"async\" class=\"swiper-slide-image\" src=\"https:\/\/osanatural.com\/wp-content\/uploads\/2021\/11\/client_logo_1.jpg\" alt=\"client_logo_1\" \/><\/figure><\/div><div class=\"swiper-slide\" role=\"group\" aria-roledescription=\"slide\" aria-label=\"2 de 5\"><figure class=\"swiper-slide-inner\"><img decoding=\"async\" class=\"swiper-slide-image\" src=\"https:\/\/osanatural.com\/wp-content\/uploads\/2021\/11\/client_logo_4.jpg\" alt=\"client_logo_4\" \/><\/figure><\/div><div class=\"swiper-slide\" role=\"group\" aria-roledescription=\"slide\" aria-label=\"3 de 5\"><figure class=\"swiper-slide-inner\"><img decoding=\"async\" class=\"swiper-slide-image\" src=\"https:\/\/osanatural.com\/wp-content\/uploads\/2021\/11\/client_logo_3.jpg\" alt=\"client_logo_3\" \/><\/figure><\/div><div class=\"swiper-slide\" role=\"group\" aria-roledescription=\"slide\" aria-label=\"4 de 5\"><figure class=\"swiper-slide-inner\"><img decoding=\"async\" class=\"swiper-slide-image\" src=\"https:\/\/osanatural.com\/wp-content\/uploads\/2021\/11\/client_logo_2.jpg\" alt=\"client_logo_2\" \/><\/figure><\/div><div class=\"swiper-slide\" role=\"group\" aria-roledescription=\"slide\" aria-label=\"5 de 5\"><figure class=\"swiper-slide-inner\"><img decoding=\"async\" class=\"swiper-slide-image\" src=\"https:\/\/osanatural.com\/wp-content\/uploads\/2021\/11\/client_logo_5.jpg\" alt=\"client_logo_5\" \/><\/figure><\/div>\t\t\t<\/div>\n\t\t\t\t\t\t\t\n\t\t\t\t\t\t\t\t\t<\/div>\n\t\t\t\t\t\t<\/div>\n\t\t\t\t<\/div>\n\t\t\t\t\t<\/div>\n\t\t<\/div>\n\t\t\t\t\t<\/div>\n\t\t<\/section>\n\t\t\t\t<\/div>","protected":false},"excerpt":{"rendered":"<p>Acerca de Todos los productos naturales para el ba\u00f1o y el cuerpo Acerca de Osa Natural Desde 2007 Osa Natural ha estado haciendo a mano los mejores productos totalmente naturales para el ba\u00f1o y el cuerpo utilizando aceite de coco org\u00e1nico de origen local y otros ingredientes naturales. Nuestros productos est\u00e1n hechos para las personas y las peque\u00f1as empresas interesadas en la promoci\u00f3n de un estilo de vida m\u00e1s org\u00e1nico, la salud personal ...<\/p>\n<p class=\"read-more\"> <a class=\"\" href=\"https:\/\/osanatural.com\/es\/about\/\"> <span class=\"screen-reader-text\">Nosotros<\/span> Leer m\u00e1s \"<\/a><\/p>","protected":false},"author":1,"featured_media":0,"parent":0,"menu_order":0,"comment_status":"closed","ping_status":"closed","template":"","meta":{"site-sidebar-layout":"no-sidebar","site-content-layout":"page-builder","ast-site-content-layout":"","site-content-style":"default","site-sidebar-style":"default","ast-global-header-display":"","ast-banner-title-visibility":"","ast-main-header-display":"","ast-hfb-above-header-display":"","ast-hfb-below-header-display":"","ast-hfb-mobile-header-display":"","site-post-title":"disabled","ast-breadcrumbs-content":"disabled","ast-featured-img":"disabled","footer-sml-layout":"","theme-transparent-header-meta":"enabled","adv-header-id-meta":"","stick-header-meta":"","header-above-stick-meta":"","header-main-stick-meta":"","header-below-stick-meta":"","astra-migrate-meta-layouts":"","ast-page-background-enabled":"default","ast-page-background-meta":{"desktop":{"background-color":"","background-image":"","background-repeat":"repeat","background-position":"center center","background-size":"auto","background-attachment":"scroll","background-type":"","background-media":"","overlay-type":"","overlay-color":"","overlay-gradient":""},"tablet":{"background-color":"","background-image":"","background-repeat":"repeat","background-position":"center center","background-size":"auto","background-attachment":"scroll","background-type":"","background-media":"","overlay-type":"","overlay-color":"","overlay-gradient":""},"mobile":{"background-color":"","background-image":"","background-repeat":"repeat","background-position":"center center","background-size":"auto","background-attachment":"scroll","background-type":"","background-media":"","overlay-type":"","overlay-color":"","overlay-gradient":""}},"ast-content-background-meta":{"desktop":{"background-color":"var(--ast-global-color-5)","background-image":"","background-repeat":"repeat","background-position":"center center","background-size":"auto","background-attachment":"scroll","background-type":"","background-media":"","overlay-type":"","overlay-color":"","overlay-gradient":""},"tablet":{"background-color":"var(--ast-global-color-5)","background-image":"","background-repeat":"repeat","background-position":"center center","background-size":"auto","background-attachment":"scroll","background-type":"","background-media":"","overlay-type":"","overlay-color":"","overlay-gradient":""},"mobile":{"background-color":"var(--ast-global-color-5)","background-image":"","background-repeat":"repeat","background-position":"center center","background-size":"auto","background-attachment":"scroll","background-type":"","background-media":"","overlay-type":"","overlay-color":"","overlay-gradient":""}},"footnotes":""},"class_list":["post-764","page","type-page","status-publish","hentry"],"_links":{"self":[{"href":"https:\/\/osanatural.com\/es\/wp-json\/wp\/v2\/pages\/764","targetHints":{"allow":["GET"]}}],"collection":[{"href":"https:\/\/osanatural.com\/es\/wp-json\/wp\/v2\/pages"}],"about":[{"href":"https:\/\/osanatural.com\/es\/wp-json\/wp\/v2\/types\/page"}],"author":[{"embeddable":true,"href":"https:\/\/osanatural.com\/es\/wp-json\/wp\/v2\/users\/1"}],"replies":[{"embeddable":true,"href":"https:\/\/osanatural.com\/es\/wp-json\/wp\/v2\/comments?post=764"}],"version-history":[{"count":21,"href":"https:\/\/osanatural.com\/es\/wp-json\/wp\/v2\/pages\/764\/revisions"}],"predecessor-version":[{"id":1858,"href":"https:\/\/osanatural.com\/es\/wp-json\/wp\/v2\/pages\/764\/revisions\/1858"}],"wp:attachment":[{"href":"https:\/\/osanatural.com\/es\/wp-json\/wp\/v2\/media?parent=764"}],"curies":[{"name":"wp","href":"https:\/\/api.w.org\/{rel}","templated":true}]}}