{"id":1111,"date":"2021-11-13T00:37:39","date_gmt":"2021-11-13T00:37:39","guid":{"rendered":"http:\/\/osanatural.com\/?post_type=product&#038;p=1111"},"modified":"2025-08-12T15:55:53","modified_gmt":"2025-08-12T15:55:53","slug":"oil-coconut-oil","status":"publish","type":"product","link":"https:\/\/osanatural.com\/es\/producto\/oil-coconut-oil\/","title":{"rendered":"Aceite de Coco"},"content":{"rendered":"<p>Aceite de coco org\u00e1nico.<\/p>","protected":false},"excerpt":{"rendered":"<p>El aceite de coco org\u00e1nico de Osa Natural es rico en antioxidantes, \u00e1cidos grasos esenciales y propiedades antimicrobianas naturales, lo que lo convierte en una poderosa adici\u00f3n a cualquier rutina de cuidado de la piel, el cabello y el bienestar. Nunca blanqueado, desodorizado ni refinado, nuestro aceite de coco org\u00e1nico ofrece la esencia cruda y dorada de la naturaleza. Perfecto para hidratar, para enjuagues bucales con aceite (oil pulling), para cocinar o para controlar el frizz, lleva la vitalidad de la selva tropical directamente a su hogar.<\/p>","protected":false},"featured_media":1201,"comment_status":"open","ping_status":"closed","template":"","meta":{"site-sidebar-layout":"default","site-content-layout":"default","ast-site-content-layout":"default","site-content-style":"default","site-sidebar-style":"default","ast-global-header-display":"","ast-banner-title-visibility":"","ast-main-header-display":"","ast-hfb-above-header-display":"","ast-hfb-below-header-display":"","ast-hfb-mobile-header-display":"","site-post-title":"","ast-breadcrumbs-content":"","ast-featured-img":"","footer-sml-layout":"","theme-transparent-header-meta":"default","adv-header-id-meta":"","stick-header-meta":"","header-above-stick-meta":"","header-main-stick-meta":"","header-below-stick-meta":"","astra-migrate-meta-layouts":"set","ast-page-background-enabled":"default","ast-page-background-meta":{"desktop":{"background-color":"","background-image":"","background-repeat":"repeat","background-position":"center center","background-size":"auto","background-attachment":"scroll","background-type":"","background-media":"","overlay-type":"","overlay-color":"","overlay-gradient":""},"tablet":{"background-color":"","background-image":"","background-repeat":"repeat","background-position":"center center","background-size":"auto","background-attachment":"scroll","background-type":"","background-media":"","overlay-type":"","overlay-color":"","overlay-gradient":""},"mobile":{"background-color":"","background-image":"","background-repeat":"repeat","background-position":"center center","background-size":"auto","background-attachment":"scroll","background-type":"","background-media":"","overlay-type":"","overlay-color":"","overlay-gradient":""}},"ast-content-background-meta":{"desktop":{"background-color":"var(--ast-global-color-5)","background-image":"","background-repeat":"repeat","background-position":"center center","background-size":"auto","background-attachment":"scroll","background-type":"","background-media":"","overlay-type":"","overlay-color":"","overlay-gradient":""},"tablet":{"background-color":"var(--ast-global-color-5)","background-image":"","background-repeat":"repeat","background-position":"center center","background-size":"auto","background-attachment":"scroll","background-type":"","background-media":"","overlay-type":"","overlay-color":"","overlay-gradient":""},"mobile":{"background-color":"var(--ast-global-color-5)","background-image":"","background-repeat":"repeat","background-position":"center center","background-size":"auto","background-attachment":"scroll","background-type":"","background-media":"","overlay-type":"","overlay-color":"","overlay-gradient":""}}},"product_brand":[],"product_cat":[44,33],"product_tag":[],"class_list":{"0":"post-1111","1":"product","2":"type-product","3":"status-publish","4":"has-post-thumbnail","6":"product_cat-skin-care","7":"product_cat-oil","8":"desktop-align-left","9":"tablet-align-left","10":"mobile-align-left","12":"first","13":"instock","14":"taxable","15":"shipping-taxable","16":"purchasable","17":"product-type-variable"},"_links":{"self":[{"href":"https:\/\/osanatural.com\/es\/wp-json\/wp\/v2\/product\/1111","targetHints":{"allow":["GET"]}}],"collection":[{"href":"https:\/\/osanatural.com\/es\/wp-json\/wp\/v2\/product"}],"about":[{"href":"https:\/\/osanatural.com\/es\/wp-json\/wp\/v2\/types\/product"}],"replies":[{"embeddable":true,"href":"https:\/\/osanatural.com\/es\/wp-json\/wp\/v2\/comments?post=1111"}],"wp:featuredmedia":[{"embeddable":true,"href":"https:\/\/osanatural.com\/es\/wp-json\/wp\/v2\/media\/1201"}],"wp:attachment":[{"href":"https:\/\/osanatural.com\/es\/wp-json\/wp\/v2\/media?parent=1111"}],"wp:term":[{"taxonomy":"product_brand","embeddable":true,"href":"https:\/\/osanatural.com\/es\/wp-json\/wp\/v2\/product_brand?post=1111"},{"taxonomy":"product_cat","embeddable":true,"href":"https:\/\/osanatural.com\/es\/wp-json\/wp\/v2\/product_cat?post=1111"},{"taxonomy":"product_tag","embeddable":true,"href":"https:\/\/osanatural.com\/es\/wp-json\/wp\/v2\/product_tag?post=1111"}],"curies":[{"name":"wp","href":"https:\/\/api.w.org\/{rel}","templated":true}]}}